{"id":60,"date":"2021-06-28T12:30:01","date_gmt":"2021-06-28T09:30:01","guid":{"rendered":"http:\/\/internationalfirearmsfactory.com\/tr\/?page_id=60"},"modified":"2023-01-18T14:44:03","modified_gmt":"2023-01-18T11:44:03","slug":"kurumsal","status":"publish","type":"page","link":"https:\/\/internationalfirearmsfactory.com\/tr\/kurumsal\/","title":{"rendered":"Kurumsal"},"content":{"rendered":"\n\t\t<style type=\"text\/css\">\n\t\t\t#gallery-1 {\n\t\t\t\tmargin: auto;\n\t\t\t}\n\t\t\t#gallery-1 .gallery-item {\n\t\t\t\tfloat: left;\n\t\t\t\tmargin-top: 10px;\n\t\t\t\ttext-align: center;\n\t\t\t\twidth: 25%;\n\t\t\t}\n\t\t\t#gallery-1 img {\n\t\t\t\tborder: 2px solid #cfcfcf;\n\t\t\t}\n\t\t\t#gallery-1 .gallery-caption {\n\t\t\t\tmargin-left: 0;\n\t\t\t}\n\t\t\t\/* see gallery_shortcode() in wp-includes\/media.php *\/\n\t\t<\/style>\n\t\t<div id='gallery-1' class='gallery galleryid-60 gallery-columns-4 gallery-size-medium'><dl class='gallery-item'>\n\t\t\t<dt class='gallery-icon portrait'>\n\t\t\t\t<a href='https:\/\/internationalfirearmsfactory.com\/tr\/wp-content\/uploads\/2023\/01\/1-1-1.jpg' title=\"\" data-rl_title=\"\" class=\"rl-gallery-link\" data-rl_caption=\"\" data-rel=\"lightbox-gallery-1\"><img loading=\"lazy\" decoding=\"async\" width=\"212\" height=\"300\" src=\"https:\/\/internationalfirearmsfactory.com\/tr\/wp-content\/uploads\/2023\/01\/1-1-1-212x300.jpg\" class=\"attachment-medium size-medium\" alt=\"\" srcset=\"https:\/\/internationalfirearmsfactory.com\/tr\/wp-content\/uploads\/2023\/01\/1-1-1-212x300.jpg 212w, https:\/\/internationalfirearmsfactory.com\/tr\/wp-content\/uploads\/2023\/01\/1-1-1-724x1024.jpg 724w, https:\/\/internationalfirearmsfactory.com\/tr\/wp-content\/uploads\/2023\/01\/1-1-1-768x1087.jpg 768w, https:\/\/internationalfirearmsfactory.com\/tr\/wp-content\/uploads\/2023\/01\/1-1-1-1085x1536.jpg 1085w, https:\/\/internationalfirearmsfactory.com\/tr\/wp-content\/uploads\/2023\/01\/1-1-1-1447x2048.jpg 1447w, https:\/\/internationalfirearmsfactory.com\/tr\/wp-content\/uploads\/2023\/01\/1-1-1-74x105.jpg 74w, https:\/\/internationalfirearmsfactory.com\/tr\/wp-content\/uploads\/2023\/01\/1-1-1.jpg 1645w\" sizes=\"auto, (max-width: 212px) 100vw, 212px\" \/><\/a>\n\t\t\t<\/dt><\/dl><dl class='gallery-item'>\n\t\t\t<dt class='gallery-icon portrait'>\n\t\t\t\t<a href='https:\/\/internationalfirearmsfactory.com\/tr\/wp-content\/uploads\/2023\/01\/3-1-1.jpg' title=\"\" data-rl_title=\"\" class=\"rl-gallery-link\" data-rl_caption=\"\" data-rel=\"lightbox-gallery-1\"><img loading=\"lazy\" decoding=\"async\" width=\"212\" height=\"300\" src=\"https:\/\/internationalfirearmsfactory.com\/tr\/wp-content\/uploads\/2023\/01\/3-1-1-212x300.jpg\" class=\"attachment-medium size-medium\" alt=\"\" srcset=\"https:\/\/internationalfirearmsfactory.com\/tr\/wp-content\/uploads\/2023\/01\/3-1-1-212x300.jpg 212w, https:\/\/internationalfirearmsfactory.com\/tr\/wp-content\/uploads\/2023\/01\/3-1-1-724x1024.jpg 724w, https:\/\/internationalfirearmsfactory.com\/tr\/wp-content\/uploads\/2023\/01\/3-1-1-768x1087.jpg 768w, https:\/\/internationalfirearmsfactory.com\/tr\/wp-content\/uploads\/2023\/01\/3-1-1-1085x1536.jpg 1085w, https:\/\/internationalfirearmsfactory.com\/tr\/wp-content\/uploads\/2023\/01\/3-1-1-1447x2048.jpg 1447w, https:\/\/internationalfirearmsfactory.com\/tr\/wp-content\/uploads\/2023\/01\/3-1-1-74x105.jpg 74w, https:\/\/internationalfirearmsfactory.com\/tr\/wp-content\/uploads\/2023\/01\/3-1-1.jpg 1645w\" sizes=\"auto, (max-width: 212px) 100vw, 212px\" \/><\/a>\n\t\t\t<\/dt><\/dl><dl class='gallery-item'>\n\t\t\t<dt class='gallery-icon portrait'>\n\t\t\t\t<a href='https:\/\/internationalfirearmsfactory.com\/tr\/wp-content\/uploads\/2023\/01\/5-1-1.jpg' title=\"\" data-rl_title=\"\" class=\"rl-gallery-link\" data-rl_caption=\"\" data-rel=\"lightbox-gallery-1\"><img loading=\"lazy\" decoding=\"async\" width=\"212\" height=\"300\" src=\"https:\/\/internationalfirearmsfactory.com\/tr\/wp-content\/uploads\/2023\/01\/5-1-1-212x300.jpg\" class=\"attachment-medium size-medium\" alt=\"\" srcset=\"https:\/\/internationalfirearmsfactory.com\/tr\/wp-content\/uploads\/2023\/01\/5-1-1-212x300.jpg 212w, https:\/\/internationalfirearmsfactory.com\/tr\/wp-content\/uploads\/2023\/01\/5-1-1-724x1024.jpg 724w, https:\/\/internationalfirearmsfactory.com\/tr\/wp-content\/uploads\/2023\/01\/5-1-1-768x1087.jpg 768w, https:\/\/internationalfirearmsfactory.com\/tr\/wp-content\/uploads\/2023\/01\/5-1-1-1085x1536.jpg 1085w, https:\/\/internationalfirearmsfactory.com\/tr\/wp-content\/uploads\/2023\/01\/5-1-1-1447x2048.jpg 1447w, https:\/\/internationalfirearmsfactory.com\/tr\/wp-content\/uploads\/2023\/01\/5-1-1-74x105.jpg 74w, https:\/\/internationalfirearmsfactory.com\/tr\/wp-content\/uploads\/2023\/01\/5-1-1.jpg 1645w\" sizes=\"auto, (max-width: 212px) 100vw, 212px\" \/><\/a>\n\t\t\t<\/dt><\/dl><dl class='gallery-item'>\n\t\t\t<dt class='gallery-icon portrait'>\n\t\t\t\t<a href='https:\/\/internationalfirearmsfactory.com\/tr\/wp-content\/uploads\/2023\/01\/7-1-1.jpg' title=\"\" data-rl_title=\"\" class=\"rl-gallery-link\" data-rl_caption=\"\" data-rel=\"lightbox-gallery-1\"><img loading=\"lazy\" decoding=\"async\" width=\"212\" height=\"300\" src=\"https:\/\/internationalfirearmsfactory.com\/tr\/wp-content\/uploads\/2023\/01\/7-1-1-212x300.jpg\" class=\"attachment-medium size-medium\" alt=\"\" srcset=\"https:\/\/internationalfirearmsfactory.com\/tr\/wp-content\/uploads\/2023\/01\/7-1-1-212x300.jpg 212w, https:\/\/internationalfirearmsfactory.com\/tr\/wp-content\/uploads\/2023\/01\/7-1-1-724x1024.jpg 724w, https:\/\/internationalfirearmsfactory.com\/tr\/wp-content\/uploads\/2023\/01\/7-1-1-768x1087.jpg 768w, https:\/\/internationalfirearmsfactory.com\/tr\/wp-content\/uploads\/2023\/01\/7-1-1-1085x1536.jpg 1085w, https:\/\/internationalfirearmsfactory.com\/tr\/wp-content\/uploads\/2023\/01\/7-1-1-1447x2048.jpg 1447w, https:\/\/internationalfirearmsfactory.com\/tr\/wp-content\/uploads\/2023\/01\/7-1-1-74x105.jpg 74w, https:\/\/internationalfirearmsfactory.com\/tr\/wp-content\/uploads\/2023\/01\/7-1-1.jpg 1645w\" sizes=\"auto, (max-width: 212px) 100vw, 212px\" \/><\/a>\n\t\t\t<\/dt><\/dl><br style=\"clear: both\" \/>\n\t\t<\/div>\n\n","protected":false},"excerpt":{"rendered":"","protected":false},"author":1,"featured_media":0,"parent":0,"menu_order":0,"comment_status":"closed","ping_status":"closed","template":"","meta":{"_acf_changed":false,"footnotes":""},"class_list":["post-60","page","type-page","status-publish","hentry"],"acf":[],"yoast_head":"<!-- This site is optimized with the Yoast SEO plugin v27.1.1 - https:\/\/yoast.com\/product\/yoast-seo-wordpress\/ -->\n<title>Kurumsal - International Fire Arms<\/title>\n<meta name=\"description\" content=\"Firmam\u0131z en kaliteli hammaddeleri kullanarak Yar\u0131 Otomatik Av T\u00fcfe\u011fi, Pompal\u0131 Av T\u00fcfe\u011fi, S\u00fcper Poze ve Tek t\u00fcfek modellerini \u00fcretmekte ve imalat\u0131n her a\u015famas\u0131nda par\u00e7a kontrol\u00fcne b\u00fcy\u00fck \u00f6nem vermektedir.\" \/>\n<meta name=\"robots\" content=\"index, follow, max-snippet:-1, max-image-preview:large, max-video-preview:-1\" \/>\n<link rel=\"canonical\" href=\"http:\/\/internationalfirearmsfactory.com\/tr\/kurumsal\/\" \/>\n<meta property=\"og:locale\" content=\"tr_TR\" \/>\n<meta property=\"og:type\" content=\"article\" \/>\n<meta property=\"og:title\" content=\"Kurumsal - International Fire Arms\" \/>\n<meta property=\"og:description\" content=\"Firmam\u0131z en kaliteli hammaddeleri kullanarak Yar\u0131 Otomatik Av T\u00fcfe\u011fi, Pompal\u0131 Av T\u00fcfe\u011fi, S\u00fcper Poze ve Tek t\u00fcfek modellerini \u00fcretmekte ve imalat\u0131n her a\u015famas\u0131nda par\u00e7a kontrol\u00fcne b\u00fcy\u00fck \u00f6nem vermektedir.\" \/>\n<meta property=\"og:url\" content=\"http:\/\/internationalfirearmsfactory.com\/tr\/kurumsal\/\" \/>\n<meta property=\"og:site_name\" content=\"International Fire Arms\" \/>\n<meta property=\"article:publisher\" content=\"https:\/\/www.facebook.com\/people\/International-Firearms-Factory\/61558001963931\/\" \/>\n<meta property=\"article:modified_time\" content=\"2023-01-18T11:44:03+00:00\" \/>\n<meta property=\"og:image\" content=\"http:\/\/internationalfirearmsfactory.com\/tr\/wp-content\/uploads\/2023\/01\/1-1-1-212x300.jpg\" \/>\n<meta name=\"twitter:card\" content=\"summary_large_image\" \/>\n<script type=\"application\/ld+json\" class=\"yoast-schema-graph\">{\"@context\":\"https:\/\/schema.org\",\"@graph\":[{\"@type\":\"WebPage\",\"@id\":\"http:\/\/internationalfirearmsfactory.com\/tr\/kurumsal\/\",\"url\":\"http:\/\/internationalfirearmsfactory.com\/tr\/kurumsal\/\",\"name\":\"Kurumsal - International Fire Arms\",\"isPartOf\":{\"@id\":\"https:\/\/internationalfirearmsfactory.com\/tr\/#website\"},\"datePublished\":\"2021-06-28T09:30:01+00:00\",\"dateModified\":\"2023-01-18T11:44:03+00:00\",\"description\":\"Firmam\u0131z en kaliteli hammaddeleri kullanarak Yar\u0131 Otomatik Av T\u00fcfe\u011fi, Pompal\u0131 Av T\u00fcfe\u011fi, S\u00fcper Poze ve Tek t\u00fcfek modellerini \u00fcretmekte ve imalat\u0131n her a\u015famas\u0131nda par\u00e7a kontrol\u00fcne b\u00fcy\u00fck \u00f6nem vermektedir.\",\"breadcrumb\":{\"@id\":\"http:\/\/internationalfirearmsfactory.com\/tr\/kurumsal\/#breadcrumb\"},\"inLanguage\":\"tr\",\"potentialAction\":[{\"@type\":\"ReadAction\",\"target\":[\"http:\/\/internationalfirearmsfactory.com\/tr\/kurumsal\/\"]}]},{\"@type\":\"BreadcrumbList\",\"@id\":\"http:\/\/internationalfirearmsfactory.com\/tr\/kurumsal\/#breadcrumb\",\"itemListElement\":[{\"@type\":\"ListItem\",\"position\":1,\"name\":\"Anasayfa\",\"item\":\"https:\/\/internationalfirearmsfactory.com\/tr\/\"},{\"@type\":\"ListItem\",\"position\":2,\"name\":\"Kurumsal\"}]},{\"@type\":\"WebSite\",\"@id\":\"https:\/\/internationalfirearmsfactory.com\/tr\/#website\",\"url\":\"https:\/\/internationalfirearmsfactory.com\/tr\/\",\"name\":\"\u0130nternational Fire Arms\",\"description\":\"IFF\",\"publisher\":{\"@id\":\"https:\/\/internationalfirearmsfactory.com\/tr\/#organization\"},\"potentialAction\":[{\"@type\":\"SearchAction\",\"target\":{\"@type\":\"EntryPoint\",\"urlTemplate\":\"https:\/\/internationalfirearmsfactory.com\/tr\/?s={search_term_string}\"},\"query-input\":{\"@type\":\"PropertyValueSpecification\",\"valueRequired\":true,\"valueName\":\"search_term_string\"}}],\"inLanguage\":\"tr\"},{\"@type\":\"Organization\",\"@id\":\"https:\/\/internationalfirearmsfactory.com\/tr\/#organization\",\"name\":\"\u0130nternational Fire Arms\",\"alternateName\":\"\u0130nternational Fire Arms Factory\",\"url\":\"https:\/\/internationalfirearmsfactory.com\/tr\/\",\"logo\":{\"@type\":\"ImageObject\",\"inLanguage\":\"tr\",\"@id\":\"https:\/\/internationalfirearmsfactory.com\/tr\/#\/schema\/logo\/image\/\",\"url\":\"https:\/\/internationalfirearmsfactory.com\/tr\/wp-content\/uploads\/2024\/10\/seo-baslik.jpg\",\"contentUrl\":\"https:\/\/internationalfirearmsfactory.com\/tr\/wp-content\/uploads\/2024\/10\/seo-baslik.jpg\",\"width\":669,\"height\":669,\"caption\":\"\u0130nternational Fire Arms\"},\"image\":{\"@id\":\"https:\/\/internationalfirearmsfactory.com\/tr\/#\/schema\/logo\/image\/\"},\"sameAs\":[\"https:\/\/www.facebook.com\/people\/International-Firearms-Factory\/61558001963931\/\",\"https:\/\/www.linkedin.com\/company\/international-firearms-company\/?originalSubdomain=tr\",\"https:\/\/www.instagram.com\/internationalfirearmsfactory\/\"]}]}<\/script>\n<!-- \/ Yoast SEO plugin. -->","yoast_head_json":{"title":"Kurumsal - International Fire Arms","description":"Firmam\u0131z en kaliteli hammaddeleri kullanarak Yar\u0131 Otomatik Av T\u00fcfe\u011fi, Pompal\u0131 Av T\u00fcfe\u011fi, S\u00fcper Poze ve Tek t\u00fcfek modellerini \u00fcretmekte ve imalat\u0131n her a\u015famas\u0131nda par\u00e7a kontrol\u00fcne b\u00fcy\u00fck \u00f6nem vermektedir.","robots":{"index":"index","follow":"follow","max-snippet":"max-snippet:-1","max-image-preview":"max-image-preview:large","max-video-preview":"max-video-preview:-1"},"canonical":"http:\/\/internationalfirearmsfactory.com\/tr\/kurumsal\/","og_locale":"tr_TR","og_type":"article","og_title":"Kurumsal - International Fire Arms","og_description":"Firmam\u0131z en kaliteli hammaddeleri kullanarak Yar\u0131 Otomatik Av T\u00fcfe\u011fi, Pompal\u0131 Av T\u00fcfe\u011fi, S\u00fcper Poze ve Tek t\u00fcfek modellerini \u00fcretmekte ve imalat\u0131n her a\u015famas\u0131nda par\u00e7a kontrol\u00fcne b\u00fcy\u00fck \u00f6nem vermektedir.","og_url":"http:\/\/internationalfirearmsfactory.com\/tr\/kurumsal\/","og_site_name":"International Fire Arms","article_publisher":"https:\/\/www.facebook.com\/people\/International-Firearms-Factory\/61558001963931\/","article_modified_time":"2023-01-18T11:44:03+00:00","og_image":[{"url":"http:\/\/internationalfirearmsfactory.com\/tr\/wp-content\/uploads\/2023\/01\/1-1-1-212x300.jpg","type":"","width":"","height":""}],"twitter_card":"summary_large_image","schema":{"@context":"https:\/\/schema.org","@graph":[{"@type":"WebPage","@id":"http:\/\/internationalfirearmsfactory.com\/tr\/kurumsal\/","url":"http:\/\/internationalfirearmsfactory.com\/tr\/kurumsal\/","name":"Kurumsal - International Fire Arms","isPartOf":{"@id":"https:\/\/internationalfirearmsfactory.com\/tr\/#website"},"datePublished":"2021-06-28T09:30:01+00:00","dateModified":"2023-01-18T11:44:03+00:00","description":"Firmam\u0131z en kaliteli hammaddeleri kullanarak Yar\u0131 Otomatik Av T\u00fcfe\u011fi, Pompal\u0131 Av T\u00fcfe\u011fi, S\u00fcper Poze ve Tek t\u00fcfek modellerini \u00fcretmekte ve imalat\u0131n her a\u015famas\u0131nda par\u00e7a kontrol\u00fcne b\u00fcy\u00fck \u00f6nem vermektedir.","breadcrumb":{"@id":"http:\/\/internationalfirearmsfactory.com\/tr\/kurumsal\/#breadcrumb"},"inLanguage":"tr","potentialAction":[{"@type":"ReadAction","target":["http:\/\/internationalfirearmsfactory.com\/tr\/kurumsal\/"]}]},{"@type":"BreadcrumbList","@id":"http:\/\/internationalfirearmsfactory.com\/tr\/kurumsal\/#breadcrumb","itemListElement":[{"@type":"ListItem","position":1,"name":"Anasayfa","item":"https:\/\/internationalfirearmsfactory.com\/tr\/"},{"@type":"ListItem","position":2,"name":"Kurumsal"}]},{"@type":"WebSite","@id":"https:\/\/internationalfirearmsfactory.com\/tr\/#website","url":"https:\/\/internationalfirearmsfactory.com\/tr\/","name":"\u0130nternational Fire Arms","description":"IFF","publisher":{"@id":"https:\/\/internationalfirearmsfactory.com\/tr\/#organization"},"potentialAction":[{"@type":"SearchAction","target":{"@type":"EntryPoint","urlTemplate":"https:\/\/internationalfirearmsfactory.com\/tr\/?s={search_term_string}"},"query-input":{"@type":"PropertyValueSpecification","valueRequired":true,"valueName":"search_term_string"}}],"inLanguage":"tr"},{"@type":"Organization","@id":"https:\/\/internationalfirearmsfactory.com\/tr\/#organization","name":"\u0130nternational Fire Arms","alternateName":"\u0130nternational Fire Arms Factory","url":"https:\/\/internationalfirearmsfactory.com\/tr\/","logo":{"@type":"ImageObject","inLanguage":"tr","@id":"https:\/\/internationalfirearmsfactory.com\/tr\/#\/schema\/logo\/image\/","url":"https:\/\/internationalfirearmsfactory.com\/tr\/wp-content\/uploads\/2024\/10\/seo-baslik.jpg","contentUrl":"https:\/\/internationalfirearmsfactory.com\/tr\/wp-content\/uploads\/2024\/10\/seo-baslik.jpg","width":669,"height":669,"caption":"\u0130nternational Fire Arms"},"image":{"@id":"https:\/\/internationalfirearmsfactory.com\/tr\/#\/schema\/logo\/image\/"},"sameAs":["https:\/\/www.facebook.com\/people\/International-Firearms-Factory\/61558001963931\/","https:\/\/www.linkedin.com\/company\/international-firearms-company\/?originalSubdomain=tr","https:\/\/www.instagram.com\/internationalfirearmsfactory\/"]}]}},"_links":{"self":[{"href":"https:\/\/internationalfirearmsfactory.com\/tr\/wp-json\/wp\/v2\/pages\/60","targetHints":{"allow":["GET"]}}],"collection":[{"href":"https:\/\/internationalfirearmsfactory.com\/tr\/wp-json\/wp\/v2\/pages"}],"about":[{"href":"https:\/\/internationalfirearmsfactory.com\/tr\/wp-json\/wp\/v2\/types\/page"}],"author":[{"embeddable":true,"href":"https:\/\/internationalfirearmsfactory.com\/tr\/wp-json\/wp\/v2\/users\/1"}],"replies":[{"embeddable":true,"href":"https:\/\/internationalfirearmsfactory.com\/tr\/wp-json\/wp\/v2\/comments?post=60"}],"version-history":[{"count":5,"href":"https:\/\/internationalfirearmsfactory.com\/tr\/wp-json\/wp\/v2\/pages\/60\/revisions"}],"predecessor-version":[{"id":2122,"href":"https:\/\/internationalfirearmsfactory.com\/tr\/wp-json\/wp\/v2\/pages\/60\/revisions\/2122"}],"wp:attachment":[{"href":"https:\/\/internationalfirearmsfactory.com\/tr\/wp-json\/wp\/v2\/media?parent=60"}],"curies":[{"name":"wp","href":"https:\/\/api.w.org\/{rel}","templated":true}]}}