{"id":2154,"date":"2024-10-18T11:38:00","date_gmt":"2024-10-18T08:38:00","guid":{"rendered":"https:\/\/internationalfirearmsfactory.com\/tr\/?page_id=2154"},"modified":"2024-10-18T11:38:00","modified_gmt":"2024-10-18T08:38:00","slug":"belgeler","status":"publish","type":"page","link":"http:\/\/internationalfirearmsfactory.com\/tr\/belgeler\/","title":{"rendered":"Belgeler"},"content":{"rendered":"","protected":false},"excerpt":{"rendered":"","protected":false},"author":1,"featured_media":0,"parent":0,"menu_order":0,"comment_status":"closed","ping_status":"closed","template":"","meta":{"_acf_changed":false,"footnotes":""},"class_list":["post-2154","page","type-page","status-publish","hentry"],"acf":[],"yoast_head":"<!-- This site is optimized with the Yoast SEO plugin v27.1.1 - https:\/\/yoast.com\/product\/yoast-seo-wordpress\/ -->\n<title>Belgeler - International Fire Arms<\/title>\n<meta name=\"description\" content=\"Firmam\u0131z en kaliteli hammaddeleri kullanarak Yar\u0131 Otomatik Av T\u00fcfe\u011fi, Pompal\u0131 Av T\u00fcfe\u011fi, S\u00fcper Poze ve Tek t\u00fcfek modellerini \u00fcretmekte ve imalat\u0131n her a\u015famas\u0131nda par\u00e7a kontrol\u00fcne b\u00fcy\u00fck \u00f6nem vermektedir.\" \/>\n<meta name=\"robots\" content=\"index, follow, max-snippet:-1, max-image-preview:large, max-video-preview:-1\" \/>\n<link rel=\"canonical\" href=\"https:\/\/internationalfirearmsfactory.com\/tr\/belgeler\/\" \/>\n<meta property=\"og:locale\" content=\"tr_TR\" \/>\n<meta property=\"og:type\" content=\"article\" \/>\n<meta property=\"og:title\" content=\"Belgeler - International Fire Arms\" \/>\n<meta property=\"og:description\" content=\"Firmam\u0131z en kaliteli hammaddeleri kullanarak Yar\u0131 Otomatik Av T\u00fcfe\u011fi, Pompal\u0131 Av T\u00fcfe\u011fi, S\u00fcper Poze ve Tek t\u00fcfek modellerini \u00fcretmekte ve imalat\u0131n her a\u015famas\u0131nda par\u00e7a kontrol\u00fcne b\u00fcy\u00fck \u00f6nem vermektedir.\" \/>\n<meta property=\"og:url\" content=\"https:\/\/internationalfirearmsfactory.com\/tr\/belgeler\/\" \/>\n<meta property=\"og:site_name\" content=\"International Fire Arms\" \/>\n<meta property=\"article:publisher\" content=\"https:\/\/www.facebook.com\/people\/International-Firearms-Factory\/61558001963931\/\" \/>\n<meta property=\"og:image\" content=\"http:\/\/internationalfirearmsfactory.com\/tr\/wp-content\/uploads\/2024\/10\/seo-yatay.jpg\" \/>\n\t<meta property=\"og:image:width\" content=\"1200\" \/>\n\t<meta property=\"og:image:height\" content=\"675\" \/>\n\t<meta property=\"og:image:type\" content=\"image\/jpeg\" \/>\n<meta name=\"twitter:card\" content=\"summary_large_image\" \/>\n<script type=\"application\/ld+json\" class=\"yoast-schema-graph\">{\"@context\":\"https:\/\/schema.org\",\"@graph\":[{\"@type\":\"WebPage\",\"@id\":\"https:\/\/internationalfirearmsfactory.com\/tr\/belgeler\/\",\"url\":\"https:\/\/internationalfirearmsfactory.com\/tr\/belgeler\/\",\"name\":\"Belgeler - International Fire Arms\",\"isPartOf\":{\"@id\":\"https:\/\/internationalfirearmsfactory.com\/tr\/#website\"},\"datePublished\":\"2024-10-18T08:38:00+00:00\",\"description\":\"Firmam\u0131z en kaliteli hammaddeleri kullanarak Yar\u0131 Otomatik Av T\u00fcfe\u011fi, Pompal\u0131 Av T\u00fcfe\u011fi, S\u00fcper Poze ve Tek t\u00fcfek modellerini \u00fcretmekte ve imalat\u0131n her a\u015famas\u0131nda par\u00e7a kontrol\u00fcne b\u00fcy\u00fck \u00f6nem vermektedir.\",\"breadcrumb\":{\"@id\":\"https:\/\/internationalfirearmsfactory.com\/tr\/belgeler\/#breadcrumb\"},\"inLanguage\":\"tr\",\"potentialAction\":[{\"@type\":\"ReadAction\",\"target\":[\"https:\/\/internationalfirearmsfactory.com\/tr\/belgeler\/\"]}]},{\"@type\":\"BreadcrumbList\",\"@id\":\"https:\/\/internationalfirearmsfactory.com\/tr\/belgeler\/#breadcrumb\",\"itemListElement\":[{\"@type\":\"ListItem\",\"position\":1,\"name\":\"Anasayfa\",\"item\":\"https:\/\/internationalfirearmsfactory.com\/tr\/\"},{\"@type\":\"ListItem\",\"position\":2,\"name\":\"Belgeler\"}]},{\"@type\":\"WebSite\",\"@id\":\"https:\/\/internationalfirearmsfactory.com\/tr\/#website\",\"url\":\"https:\/\/internationalfirearmsfactory.com\/tr\/\",\"name\":\"\u0130nternational Fire Arms\",\"description\":\"IFF\",\"publisher\":{\"@id\":\"https:\/\/internationalfirearmsfactory.com\/tr\/#organization\"},\"potentialAction\":[{\"@type\":\"SearchAction\",\"target\":{\"@type\":\"EntryPoint\",\"urlTemplate\":\"https:\/\/internationalfirearmsfactory.com\/tr\/?s={search_term_string}\"},\"query-input\":{\"@type\":\"PropertyValueSpecification\",\"valueRequired\":true,\"valueName\":\"search_term_string\"}}],\"inLanguage\":\"tr\"},{\"@type\":\"Organization\",\"@id\":\"https:\/\/internationalfirearmsfactory.com\/tr\/#organization\",\"name\":\"\u0130nternational Fire Arms\",\"alternateName\":\"\u0130nternational Fire Arms Factory\",\"url\":\"https:\/\/internationalfirearmsfactory.com\/tr\/\",\"logo\":{\"@type\":\"ImageObject\",\"inLanguage\":\"tr\",\"@id\":\"https:\/\/internationalfirearmsfactory.com\/tr\/#\/schema\/logo\/image\/\",\"url\":\"https:\/\/internationalfirearmsfactory.com\/tr\/wp-content\/uploads\/2024\/10\/seo-baslik.jpg\",\"contentUrl\":\"https:\/\/internationalfirearmsfactory.com\/tr\/wp-content\/uploads\/2024\/10\/seo-baslik.jpg\",\"width\":669,\"height\":669,\"caption\":\"\u0130nternational Fire Arms\"},\"image\":{\"@id\":\"https:\/\/internationalfirearmsfactory.com\/tr\/#\/schema\/logo\/image\/\"},\"sameAs\":[\"https:\/\/www.facebook.com\/people\/International-Firearms-Factory\/61558001963931\/\",\"https:\/\/www.linkedin.com\/company\/international-firearms-company\/?originalSubdomain=tr\",\"https:\/\/www.instagram.com\/internationalfirearmsfactory\/\"]}]}<\/script>\n<!-- \/ Yoast SEO plugin. -->","yoast_head_json":{"title":"Belgeler - International Fire Arms","description":"Firmam\u0131z en kaliteli hammaddeleri kullanarak Yar\u0131 Otomatik Av T\u00fcfe\u011fi, Pompal\u0131 Av T\u00fcfe\u011fi, S\u00fcper Poze ve Tek t\u00fcfek modellerini \u00fcretmekte ve imalat\u0131n her a\u015famas\u0131nda par\u00e7a kontrol\u00fcne b\u00fcy\u00fck \u00f6nem vermektedir.","robots":{"index":"index","follow":"follow","max-snippet":"max-snippet:-1","max-image-preview":"max-image-preview:large","max-video-preview":"max-video-preview:-1"},"canonical":"https:\/\/internationalfirearmsfactory.com\/tr\/belgeler\/","og_locale":"tr_TR","og_type":"article","og_title":"Belgeler - International Fire Arms","og_description":"Firmam\u0131z en kaliteli hammaddeleri kullanarak Yar\u0131 Otomatik Av T\u00fcfe\u011fi, Pompal\u0131 Av T\u00fcfe\u011fi, S\u00fcper Poze ve Tek t\u00fcfek modellerini \u00fcretmekte ve imalat\u0131n her a\u015famas\u0131nda par\u00e7a kontrol\u00fcne b\u00fcy\u00fck \u00f6nem vermektedir.","og_url":"https:\/\/internationalfirearmsfactory.com\/tr\/belgeler\/","og_site_name":"International Fire Arms","article_publisher":"https:\/\/www.facebook.com\/people\/International-Firearms-Factory\/61558001963931\/","og_image":[{"width":1200,"height":675,"url":"http:\/\/internationalfirearmsfactory.com\/tr\/wp-content\/uploads\/2024\/10\/seo-yatay.jpg","type":"image\/jpeg"}],"twitter_card":"summary_large_image","schema":{"@context":"https:\/\/schema.org","@graph":[{"@type":"WebPage","@id":"https:\/\/internationalfirearmsfactory.com\/tr\/belgeler\/","url":"https:\/\/internationalfirearmsfactory.com\/tr\/belgeler\/","name":"Belgeler - International Fire Arms","isPartOf":{"@id":"https:\/\/internationalfirearmsfactory.com\/tr\/#website"},"datePublished":"2024-10-18T08:38:00+00:00","description":"Firmam\u0131z en kaliteli hammaddeleri kullanarak Yar\u0131 Otomatik Av T\u00fcfe\u011fi, Pompal\u0131 Av T\u00fcfe\u011fi, S\u00fcper Poze ve Tek t\u00fcfek modellerini \u00fcretmekte ve imalat\u0131n her a\u015famas\u0131nda par\u00e7a kontrol\u00fcne b\u00fcy\u00fck \u00f6nem vermektedir.","breadcrumb":{"@id":"https:\/\/internationalfirearmsfactory.com\/tr\/belgeler\/#breadcrumb"},"inLanguage":"tr","potentialAction":[{"@type":"ReadAction","target":["https:\/\/internationalfirearmsfactory.com\/tr\/belgeler\/"]}]},{"@type":"BreadcrumbList","@id":"https:\/\/internationalfirearmsfactory.com\/tr\/belgeler\/#breadcrumb","itemListElement":[{"@type":"ListItem","position":1,"name":"Anasayfa","item":"https:\/\/internationalfirearmsfactory.com\/tr\/"},{"@type":"ListItem","position":2,"name":"Belgeler"}]},{"@type":"WebSite","@id":"https:\/\/internationalfirearmsfactory.com\/tr\/#website","url":"https:\/\/internationalfirearmsfactory.com\/tr\/","name":"\u0130nternational Fire Arms","description":"IFF","publisher":{"@id":"https:\/\/internationalfirearmsfactory.com\/tr\/#organization"},"potentialAction":[{"@type":"SearchAction","target":{"@type":"EntryPoint","urlTemplate":"https:\/\/internationalfirearmsfactory.com\/tr\/?s={search_term_string}"},"query-input":{"@type":"PropertyValueSpecification","valueRequired":true,"valueName":"search_term_string"}}],"inLanguage":"tr"},{"@type":"Organization","@id":"https:\/\/internationalfirearmsfactory.com\/tr\/#organization","name":"\u0130nternational Fire Arms","alternateName":"\u0130nternational Fire Arms Factory","url":"https:\/\/internationalfirearmsfactory.com\/tr\/","logo":{"@type":"ImageObject","inLanguage":"tr","@id":"https:\/\/internationalfirearmsfactory.com\/tr\/#\/schema\/logo\/image\/","url":"https:\/\/internationalfirearmsfactory.com\/tr\/wp-content\/uploads\/2024\/10\/seo-baslik.jpg","contentUrl":"https:\/\/internationalfirearmsfactory.com\/tr\/wp-content\/uploads\/2024\/10\/seo-baslik.jpg","width":669,"height":669,"caption":"\u0130nternational Fire Arms"},"image":{"@id":"https:\/\/internationalfirearmsfactory.com\/tr\/#\/schema\/logo\/image\/"},"sameAs":["https:\/\/www.facebook.com\/people\/International-Firearms-Factory\/61558001963931\/","https:\/\/www.linkedin.com\/company\/international-firearms-company\/?originalSubdomain=tr","https:\/\/www.instagram.com\/internationalfirearmsfactory\/"]}]}},"_links":{"self":[{"href":"http:\/\/internationalfirearmsfactory.com\/tr\/wp-json\/wp\/v2\/pages\/2154","targetHints":{"allow":["GET"]}}],"collection":[{"href":"http:\/\/internationalfirearmsfactory.com\/tr\/wp-json\/wp\/v2\/pages"}],"about":[{"href":"http:\/\/internationalfirearmsfactory.com\/tr\/wp-json\/wp\/v2\/types\/page"}],"author":[{"embeddable":true,"href":"http:\/\/internationalfirearmsfactory.com\/tr\/wp-json\/wp\/v2\/users\/1"}],"replies":[{"embeddable":true,"href":"http:\/\/internationalfirearmsfactory.com\/tr\/wp-json\/wp\/v2\/comments?post=2154"}],"version-history":[{"count":1,"href":"http:\/\/internationalfirearmsfactory.com\/tr\/wp-json\/wp\/v2\/pages\/2154\/revisions"}],"predecessor-version":[{"id":2155,"href":"http:\/\/internationalfirearmsfactory.com\/tr\/wp-json\/wp\/v2\/pages\/2154\/revisions\/2155"}],"wp:attachment":[{"href":"http:\/\/internationalfirearmsfactory.com\/tr\/wp-json\/wp\/v2\/media?parent=2154"}],"curies":[{"name":"wp","href":"https:\/\/api.w.org\/{rel}","templated":true}]}}